{"id":6886,"date":"2026-01-27T12:52:09","date_gmt":"2026-01-27T12:52:09","guid":{"rendered":"https:\/\/construfortmoeda.com.br\/?post_type=product&#038;p=6886"},"modified":"2026-01-27T12:52:09","modified_gmt":"2026-01-27T12:52:09","slug":"viabit-acqua-viapol-1l-36l-e-18l","status":"publish","type":"product","link":"https:\/\/construfortmoeda.com.br\/?product=viabit-acqua-viapol-1l-36l-e-18l","title":{"rendered":"VIABIT ACQUA VIAPOL 1L 3,6L E 18L"},"content":{"rendered":"<p><strong>Descri\u00e7\u00e3o: <\/strong>Viabit\u00a0\u00e9 uma pintura asf\u00e1ltica imperme\u00e1vel composta de asfalto oxidado e solventes org\u00e2nicos com alta ader\u00eancia em diversos substratos para aplica\u00e7\u00e3o a frio.<\/p>\n<p><strong>Utiliza\u00e7\u00e3o:<\/strong><\/p>\n<p>\u00c9 uma solu\u00e7\u00e3o asf\u00e1ltica que forma um filme de excelente ader\u00eancia, ideal para ser utilizado como:<\/p>\n<ul>\n<li>Pintura imperme\u00e1vel em funda\u00e7\u00f5es, baldrames, alicerces e muros de arrimo;<\/li>\n<li>Pintura imperme\u00e1vel para fachadas, quando for aplicada sob pel\u00edcula de vidro;<\/li>\n<li>Pintura imperme\u00e1vel para estruturas enterradas como alvenaria, concreto ou argamassas;<\/li>\n<li>Primer para colagem de mantas asf\u00e1lticas e fitas autoadesivas;<\/li>\n<li>Primer para impermeabiliza\u00e7\u00f5es com solu\u00e7\u00f5es asf\u00e1lticas moldadas no local;<\/li>\n<li>Primer para selantes asf\u00e1lticos;<\/li>\n<li>Prote\u00e7\u00e3o anticorrosiva em metais e madeiras n\u00e3o expostas \u00e0s intemp\u00e9ries;<\/li>\n<li>Aplic\u00e1vel em superf\u00edcies de concreto, argamassa, alvenaria, metal, PVC e fibra de vidro.\n<p><strong>Vantagens:\u00a0<\/strong><\/li>\n<li>F\u00e1cil aplica\u00e7\u00e3o;<\/li>\n<li>Boa cobertura;<\/li>\n<li>Tinta asf\u00e1ltica protetora contra umidade;<\/li>\n<li>Boa ader\u00eancia.\n<p><strong>Embalagens dispon\u00edveis:\u00a0<\/strong>1L, 3,6L e 18L<\/li>\n<\/ul>\n","protected":false},"excerpt":{"rendered":"<p>Descri\u00e7\u00e3o: Viabit\u00a0\u00e9 uma pintura asf\u00e1ltica imperme\u00e1vel composta de asfalto oxidado e solventes org\u00e2nicos com alta ader\u00eancia em diversos substratos para aplica\u00e7\u00e3o a frio. Utiliza\u00e7\u00e3o: \u00c9 uma solu\u00e7\u00e3o asf\u00e1ltica que forma um filme de excelente ader\u00eancia, ideal para ser utilizado como: Pintura imperme\u00e1vel em funda\u00e7\u00f5es, baldrames, alicerces e muros de arrimo; Pintura imperme\u00e1vel para fachadas, quando [&hellip;]<\/p>\n","protected":false},"featured_media":6888,"template":"","meta":{"site-sidebar-layout":"default","site-content-layout":"","ast-site-content-layout":"default","site-content-style":"default","site-sidebar-style":"default","ast-global-header-display":"","ast-banner-title-visibility":"","ast-main-header-display":"","ast-hfb-above-header-display":"","ast-hfb-below-header-display":"","ast-hfb-mobile-header-display":"","site-post-title":"","ast-breadcrumbs-content":"","ast-featured-img":"","footer-sml-layout":"","ast-disable-related-posts":"","theme-transparent-header-meta":"default","adv-header-id-meta":"","stick-header-meta":"","header-above-stick-meta":"","header-main-stick-meta":"","header-below-stick-meta":"","astra-migrate-meta-layouts":"set","ast-page-background-enabled":"default","ast-page-background-meta":{"desktop":{"background-color":"","background-image":"","background-repeat":"repeat","background-position":"center center","background-size":"auto","background-attachment":"scroll","background-type":"","background-media":"","overlay-type":"","overlay-color":"","overlay-opacity":"","overlay-gradient":""},"tablet":{"background-color":"","background-image":"","background-repeat":"repeat","background-position":"center center","background-size":"auto","background-attachment":"scroll","background-type":"","background-media":"","overlay-type":"","overlay-color":"","overlay-opacity":"","overlay-gradient":""},"mobile":{"background-color":"","background-image":"","background-repeat":"repeat","background-position":"center center","background-size":"auto","background-attachment":"scroll","background-type":"","background-media":"","overlay-type":"","overlay-color":"","overlay-opacity":"","overlay-gradient":""}},"ast-content-background-meta":{"desktop":{"background-color":"var(--ast-global-color-5)","background-image":"","background-repeat":"repeat","background-position":"center center","background-size":"auto","background-attachment":"scroll","background-type":"","background-media":"","overlay-type":"","overlay-color":"","overlay-opacity":"","overlay-gradient":""},"tablet":{"background-color":"var(--ast-global-color-5)","background-image":"","background-repeat":"repeat","background-position":"center center","background-size":"auto","background-attachment":"scroll","background-type":"","background-media":"","overlay-type":"","overlay-color":"","overlay-opacity":"","overlay-gradient":""},"mobile":{"background-color":"var(--ast-global-color-5)","background-image":"","background-repeat":"repeat","background-position":"center center","background-size":"auto","background-attachment":"scroll","background-type":"","background-media":"","overlay-type":"","overlay-color":"","overlay-opacity":"","overlay-gradient":""}}},"product_brand":[],"product_cat":[137],"product_tag":[],"class_list":{"0":"post-6886","1":"product","2":"type-product","3":"status-publish","4":"has-post-thumbnail","6":"product_cat-impermeabilizantes","7":"desktop-align-center","8":"tablet-align-left","9":"mobile-align-left","11":"first","12":"instock","13":"shipping-taxable","14":"product-type-simple"},"_links":{"self":[{"href":"https:\/\/construfortmoeda.com.br\/index.php?rest_route=\/wp\/v2\/product\/6886","targetHints":{"allow":["GET"]}}],"collection":[{"href":"https:\/\/construfortmoeda.com.br\/index.php?rest_route=\/wp\/v2\/product"}],"about":[{"href":"https:\/\/construfortmoeda.com.br\/index.php?rest_route=\/wp\/v2\/types\/product"}],"wp:featuredmedia":[{"embeddable":true,"href":"https:\/\/construfortmoeda.com.br\/index.php?rest_route=\/wp\/v2\/media\/6888"}],"wp:attachment":[{"href":"https:\/\/construfortmoeda.com.br\/index.php?rest_route=%2Fwp%2Fv2%2Fmedia&parent=6886"}],"wp:term":[{"taxonomy":"product_brand","embeddable":true,"href":"https:\/\/construfortmoeda.com.br\/index.php?rest_route=%2Fwp%2Fv2%2Fproduct_brand&post=6886"},{"taxonomy":"product_cat","embeddable":true,"href":"https:\/\/construfortmoeda.com.br\/index.php?rest_route=%2Fwp%2Fv2%2Fproduct_cat&post=6886"},{"taxonomy":"product_tag","embeddable":true,"href":"https:\/\/construfortmoeda.com.br\/index.php?rest_route=%2Fwp%2Fv2%2Fproduct_tag&post=6886"}],"curies":[{"name":"wp","href":"https:\/\/api.w.org\/{rel}","templated":true}]}}