{"id":6883,"date":"2026-01-27T12:40:17","date_gmt":"2026-01-27T12:40:17","guid":{"rendered":"https:\/\/construfortmoeda.com.br\/?post_type=product&#038;p=6883"},"modified":"2026-01-27T12:41:38","modified_gmt":"2026-01-27T12:41:38","slug":"aditivo-impermeabilizante-contra-umidade-500ml-36l-e-18l-viapol","status":"publish","type":"product","link":"https:\/\/construfortmoeda.com.br\/?product=aditivo-impermeabilizante-contra-umidade-500ml-36l-e-18l-viapol","title":{"rendered":"ADITIVO IMPERMEABILIZANTE CONTRA UMIDADE 500ML 3,6L E 18L VIAPOL"},"content":{"rendered":"<p><strong>Descri\u00e7\u00e3o:\u00a0<\/strong>Aditivo impermeabilizante mineral que misturado \u00e0s argamassas ou concreto, confere impermeabilidade, agindo por hidrofuga\u00e7\u00e3o dos capilares, interrompendo assim, o desenvolvimento da umidade em \u00e1reas abaixo do n\u00edvel do solo.<\/p>\n<p><strong>Utiliza\u00e7\u00e3o:<\/strong><\/p>\n<ul>\n<li>Piscinas enterradas;<\/li>\n<li>Subsolos;<\/li>\n<li>Po\u00e7os de elevadores;<\/li>\n<li>Alicerces e baldrames;<\/li>\n<li>Muros de conten\u00e7\u00e3o;<\/li>\n<li>Rebocos externos;<\/li>\n<li>Caixa d\u00b4\u00e1gua enterrada.<strong>Vantagens:\u00a0<\/strong><\/li>\n<li>Aplica\u00e7\u00e3o simples e f\u00e1cil;<\/li>\n<li>N\u00e3o altera o tempo de cura de argamassas ou concreto;<\/li>\n<li>Efici\u00eancia permanente. N\u00e3o perde suas caracter\u00edsticas ao longo do tempo.<strong>Embalagens disponiveis: <\/strong>pacote com 500ml, balde de 3,6L e balde de 18L<\/li>\n<\/ul>\n","protected":false},"excerpt":{"rendered":"<p>Descri\u00e7\u00e3o:\u00a0Aditivo impermeabilizante mineral que misturado \u00e0s argamassas ou concreto, confere impermeabilidade, agindo por hidrofuga\u00e7\u00e3o dos capilares, interrompendo assim, o desenvolvimento da umidade em \u00e1reas abaixo do n\u00edvel do solo. Utiliza\u00e7\u00e3o: Piscinas enterradas; Subsolos; Po\u00e7os de elevadores; Alicerces e baldrames; Muros de conten\u00e7\u00e3o; Rebocos externos; Caixa d\u00b4\u00e1gua enterrada.Vantagens:\u00a0 Aplica\u00e7\u00e3o simples e f\u00e1cil; N\u00e3o altera o tempo [&hellip;]<\/p>\n","protected":false},"featured_media":6885,"template":"","meta":{"site-sidebar-layout":"default","site-content-layout":"","ast-site-content-layout":"default","site-content-style":"default","site-sidebar-style":"default","ast-global-header-display":"","ast-banner-title-visibility":"","ast-main-header-display":"","ast-hfb-above-header-display":"","ast-hfb-below-header-display":"","ast-hfb-mobile-header-display":"","site-post-title":"","ast-breadcrumbs-content":"","ast-featured-img":"","footer-sml-layout":"","ast-disable-related-posts":"","theme-transparent-header-meta":"default","adv-header-id-meta":"","stick-header-meta":"","header-above-stick-meta":"","header-main-stick-meta":"","header-below-stick-meta":"","astra-migrate-meta-layouts":"set","ast-page-background-enabled":"default","ast-page-background-meta":{"desktop":{"background-color":"","background-image":"","background-repeat":"repeat","background-position":"center center","background-size":"auto","background-attachment":"scroll","background-type":"","background-media":"","overlay-type":"","overlay-color":"","overlay-opacity":"","overlay-gradient":""},"tablet":{"background-color":"","background-image":"","background-repeat":"repeat","background-position":"center center","background-size":"auto","background-attachment":"scroll","background-type":"","background-media":"","overlay-type":"","overlay-color":"","overlay-opacity":"","overlay-gradient":""},"mobile":{"background-color":"","background-image":"","background-repeat":"repeat","background-position":"center center","background-size":"auto","background-attachment":"scroll","background-type":"","background-media":"","overlay-type":"","overlay-color":"","overlay-opacity":"","overlay-gradient":""}},"ast-content-background-meta":{"desktop":{"background-color":"var(--ast-global-color-5)","background-image":"","background-repeat":"repeat","background-position":"center center","background-size":"auto","background-attachment":"scroll","background-type":"","background-media":"","overlay-type":"","overlay-color":"","overlay-opacity":"","overlay-gradient":""},"tablet":{"background-color":"var(--ast-global-color-5)","background-image":"","background-repeat":"repeat","background-position":"center center","background-size":"auto","background-attachment":"scroll","background-type":"","background-media":"","overlay-type":"","overlay-color":"","overlay-opacity":"","overlay-gradient":""},"mobile":{"background-color":"var(--ast-global-color-5)","background-image":"","background-repeat":"repeat","background-position":"center center","background-size":"auto","background-attachment":"scroll","background-type":"","background-media":"","overlay-type":"","overlay-color":"","overlay-opacity":"","overlay-gradient":""}}},"product_brand":[],"product_cat":[137],"product_tag":[],"class_list":{"0":"post-6883","1":"product","2":"type-product","3":"status-publish","4":"has-post-thumbnail","6":"product_cat-impermeabilizantes","7":"desktop-align-center","8":"tablet-align-left","9":"mobile-align-left","11":"first","12":"instock","13":"shipping-taxable","14":"product-type-simple"},"_links":{"self":[{"href":"https:\/\/construfortmoeda.com.br\/index.php?rest_route=\/wp\/v2\/product\/6883","targetHints":{"allow":["GET"]}}],"collection":[{"href":"https:\/\/construfortmoeda.com.br\/index.php?rest_route=\/wp\/v2\/product"}],"about":[{"href":"https:\/\/construfortmoeda.com.br\/index.php?rest_route=\/wp\/v2\/types\/product"}],"wp:featuredmedia":[{"embeddable":true,"href":"https:\/\/construfortmoeda.com.br\/index.php?rest_route=\/wp\/v2\/media\/6885"}],"wp:attachment":[{"href":"https:\/\/construfortmoeda.com.br\/index.php?rest_route=%2Fwp%2Fv2%2Fmedia&parent=6883"}],"wp:term":[{"taxonomy":"product_brand","embeddable":true,"href":"https:\/\/construfortmoeda.com.br\/index.php?rest_route=%2Fwp%2Fv2%2Fproduct_brand&post=6883"},{"taxonomy":"product_cat","embeddable":true,"href":"https:\/\/construfortmoeda.com.br\/index.php?rest_route=%2Fwp%2Fv2%2Fproduct_cat&post=6883"},{"taxonomy":"product_tag","embeddable":true,"href":"https:\/\/construfortmoeda.com.br\/index.php?rest_route=%2Fwp%2Fv2%2Fproduct_tag&post=6883"}],"curies":[{"name":"wp","href":"https:\/\/api.w.org\/{rel}","templated":true}]}}