{"id":6880,"date":"2026-01-27T12:23:12","date_gmt":"2026-01-27T12:23:12","guid":{"rendered":"https:\/\/construfortmoeda.com.br\/?post_type=product&#038;p=6880"},"modified":"2026-01-27T12:24:22","modified_gmt":"2026-01-27T12:24:22","slug":"cola-ferro-concreto-1kg-viapoxi-viapol","status":"publish","type":"product","link":"https:\/\/construfortmoeda.com.br\/?product=cola-ferro-concreto-1kg-viapoxi-viapol","title":{"rendered":"COLA FERRO\/CONCRETO 1KG VIAPOXI VIAPOL"},"content":{"rendered":"<p><strong>Descri\u00e7\u00e3o: <\/strong>Viapoxi Adesivo\u00a0\u00e9 um adesivo bicomponente de base ep\u00f3xi, de fluidez controlada, indicado para colagem de concreto, a\u00e7o, alum\u00ednio, cer\u00e2mica e outros.<\/p>\n<p><strong>Utiliza\u00e7\u00e3o:\u00a0<\/strong><\/p>\n<ul>\n<li>Colagem e reparo estrutural (concreto velho com novo);<\/li>\n<li>Ancoragem de a\u00e7o em concreto com furos em v\u00e1rios di\u00e2metros;<\/li>\n<li>Fixa\u00e7\u00e3o de chumbadores, guias, dormentes e apoios estruturais;<\/li>\n<li>Reparo em elementos pr\u00e9-moldados;<\/li>\n<li>Reposi\u00e7\u00e3o de pavimentos de concreto;<\/li>\n<li>Juntas de concretagens (junta fria);<\/li>\n<li>Colagem de elementos pr\u00e9-moldados;<\/li>\n<li>Fixa\u00e7\u00e3o dos bicos de ader\u00eancia em inje\u00e7\u00f5es no concreto;<\/li>\n<li>Colagem de cer\u00e2mica (azulejo), madeira, alum\u00ednio e ferro.<strong>Vantagens:\u00a0<\/strong><\/li>\n<li>Elevado poder de ader\u00eancia e resist\u00eancias mec\u00e2nicas, superior a do pr\u00f3prio concreto;<\/li>\n<li>Aplica\u00e7\u00e3o em superf\u00edcie com inclina\u00e7\u00f5es vari\u00e1veis (vertical e horizontal);<\/li>\n<li>Imperme\u00e1vel \u00e0 \u00e1gua e \u00f3leos;<\/li>\n<li>Aplic\u00e1vel em superf\u00edcies \u00famidas, por\u00e9m, sem satura\u00e7\u00e3o;<\/li>\n<li>\u00d3tima ader\u00eancia em argamassas, pedra, cer\u00e2mica, madeira e outros materiais de constru\u00e7\u00e3o.<strong><br \/>\nTamanho dispon\u00edvel<\/strong>: 1 kg<\/li>\n<\/ul>\n","protected":false},"excerpt":{"rendered":"<p>Descri\u00e7\u00e3o: Viapoxi Adesivo\u00a0\u00e9 um adesivo bicomponente de base ep\u00f3xi, de fluidez controlada, indicado para colagem de concreto, a\u00e7o, alum\u00ednio, cer\u00e2mica e outros. Utiliza\u00e7\u00e3o:\u00a0 Colagem e reparo estrutural (concreto velho com novo); Ancoragem de a\u00e7o em concreto com furos em v\u00e1rios di\u00e2metros; Fixa\u00e7\u00e3o de chumbadores, guias, dormentes e apoios estruturais; Reparo em elementos pr\u00e9-moldados; Reposi\u00e7\u00e3o de [&hellip;]<\/p>\n","protected":false},"featured_media":6882,"template":"","meta":{"site-sidebar-layout":"default","site-content-layout":"","ast-site-content-layout":"default","site-content-style":"default","site-sidebar-style":"default","ast-global-header-display":"","ast-banner-title-visibility":"","ast-main-header-display":"","ast-hfb-above-header-display":"","ast-hfb-below-header-display":"","ast-hfb-mobile-header-display":"","site-post-title":"","ast-breadcrumbs-content":"","ast-featured-img":"","footer-sml-layout":"","ast-disable-related-posts":"","theme-transparent-header-meta":"default","adv-header-id-meta":"","stick-header-meta":"","header-above-stick-meta":"","header-main-stick-meta":"","header-below-stick-meta":"","astra-migrate-meta-layouts":"set","ast-page-background-enabled":"default","ast-page-background-meta":{"desktop":{"background-color":"","background-image":"","background-repeat":"repeat","background-position":"center center","background-size":"auto","background-attachment":"scroll","background-type":"","background-media":"","overlay-type":"","overlay-color":"","overlay-opacity":"","overlay-gradient":""},"tablet":{"background-color":"","background-image":"","background-repeat":"repeat","background-position":"center center","background-size":"auto","background-attachment":"scroll","background-type":"","background-media":"","overlay-type":"","overlay-color":"","overlay-opacity":"","overlay-gradient":""},"mobile":{"background-color":"","background-image":"","background-repeat":"repeat","background-position":"center center","background-size":"auto","background-attachment":"scroll","background-type":"","background-media":"","overlay-type":"","overlay-color":"","overlay-opacity":"","overlay-gradient":""}},"ast-content-background-meta":{"desktop":{"background-color":"var(--ast-global-color-5)","background-image":"","background-repeat":"repeat","background-position":"center center","background-size":"auto","background-attachment":"scroll","background-type":"","background-media":"","overlay-type":"","overlay-color":"","overlay-opacity":"","overlay-gradient":""},"tablet":{"background-color":"var(--ast-global-color-5)","background-image":"","background-repeat":"repeat","background-position":"center center","background-size":"auto","background-attachment":"scroll","background-type":"","background-media":"","overlay-type":"","overlay-color":"","overlay-opacity":"","overlay-gradient":""},"mobile":{"background-color":"var(--ast-global-color-5)","background-image":"","background-repeat":"repeat","background-position":"center center","background-size":"auto","background-attachment":"scroll","background-type":"","background-media":"","overlay-type":"","overlay-color":"","overlay-opacity":"","overlay-gradient":""}}},"product_brand":[],"product_cat":[137],"product_tag":[],"class_list":{"0":"post-6880","1":"product","2":"type-product","3":"status-publish","4":"has-post-thumbnail","6":"product_cat-impermeabilizantes","7":"desktop-align-center","8":"tablet-align-left","9":"mobile-align-left","11":"first","12":"instock","13":"shipping-taxable","14":"product-type-simple"},"_links":{"self":[{"href":"https:\/\/construfortmoeda.com.br\/index.php?rest_route=\/wp\/v2\/product\/6880","targetHints":{"allow":["GET"]}}],"collection":[{"href":"https:\/\/construfortmoeda.com.br\/index.php?rest_route=\/wp\/v2\/product"}],"about":[{"href":"https:\/\/construfortmoeda.com.br\/index.php?rest_route=\/wp\/v2\/types\/product"}],"wp:featuredmedia":[{"embeddable":true,"href":"https:\/\/construfortmoeda.com.br\/index.php?rest_route=\/wp\/v2\/media\/6882"}],"wp:attachment":[{"href":"https:\/\/construfortmoeda.com.br\/index.php?rest_route=%2Fwp%2Fv2%2Fmedia&parent=6880"}],"wp:term":[{"taxonomy":"product_brand","embeddable":true,"href":"https:\/\/construfortmoeda.com.br\/index.php?rest_route=%2Fwp%2Fv2%2Fproduct_brand&post=6880"},{"taxonomy":"product_cat","embeddable":true,"href":"https:\/\/construfortmoeda.com.br\/index.php?rest_route=%2Fwp%2Fv2%2Fproduct_cat&post=6880"},{"taxonomy":"product_tag","embeddable":true,"href":"https:\/\/construfortmoeda.com.br\/index.php?rest_route=%2Fwp%2Fv2%2Fproduct_tag&post=6880"}],"curies":[{"name":"wp","href":"https:\/\/api.w.org\/{rel}","templated":true}]}}