{"id":6875,"date":"2026-01-27T11:50:27","date_gmt":"2026-01-27T11:50:27","guid":{"rendered":"https:\/\/construfortmoeda.com.br\/?post_type=product&#038;p=6875"},"modified":"2026-02-24T14:45:38","modified_gmt":"2026-02-24T14:45:38","slug":"adesivo-para-chapisco-viafix","status":"publish","type":"product","link":"https:\/\/construfortmoeda.com.br\/?product=adesivo-para-chapisco-viafix","title":{"rendered":"ADESIVO PARA CHAPISCO VIAFIX 3,6L E 18L VIAPOL"},"content":{"rendered":"<p><strong>Utiliza\u00e7\u00e3o: Viafix<\/strong> \u00e9 utilizado como promotor de ader\u00eancia, resist\u00eancia e plasticidade aos mais variados substratos, indicado para:<\/p>\n<ul>\n<li>Rebocos e embossos;<\/li>\n<li>Argamassas de regulariza\u00e7\u00e3o, argamassas de assentamento de pisos e azulejos;<\/li>\n<li>Argamassas de contrapiso;<\/li>\n<li>Chapiscos nos mais variados substratos (sob consulta);<\/li>\n<li>Chapisco sobre isopor; Plastificante para gesso.<br \/>\n<strong><br \/>\nVantagens:<\/strong><\/p>\n<ul>\n<li>Proporciona maior ader\u00eancia \u00e0s argamassas, sobre os mais diversos substratos, permitindo a aplica\u00e7\u00e3o das mesmas sobre o concreto liso;<\/li>\n<li>Grande resist\u00eancia \u00e0 alcalinidade;<\/li>\n<li>Permite uma melhor liga\u00e7\u00e3o entre concretos de diferentes idades e concretos novos;<\/li>\n<li>Proporciona \u00e0s argamassas grande plasticidade e resist\u00eancia mec\u00e2nica ao desgaste, impacto, permitindo o acompanhamento das diferentes dilata\u00e7\u00f5es dos materiais.<strong>Dispon\u00edveis nos tamanhos: <\/strong>3,6L e 18L<\/li>\n<\/ul>\n<\/li>\n<\/ul>\n","protected":false},"excerpt":{"rendered":"<p>Utiliza\u00e7\u00e3o: Viafix \u00e9 utilizado como promotor de ader\u00eancia, resist\u00eancia e plasticidade aos mais variados substratos, indicado para: Rebocos e embossos; Argamassas de regulariza\u00e7\u00e3o, argamassas de assentamento de pisos e azulejos; Argamassas de contrapiso; Chapiscos nos mais variados substratos (sob consulta); Chapisco sobre isopor; Plastificante para gesso. Vantagens: Proporciona maior ader\u00eancia \u00e0s argamassas, sobre os mais [&hellip;]<\/p>\n","protected":false},"featured_media":6879,"template":"","meta":{"site-sidebar-layout":"default","site-content-layout":"","ast-site-content-layout":"default","site-content-style":"default","site-sidebar-style":"default","ast-global-header-display":"","ast-banner-title-visibility":"","ast-main-header-display":"","ast-hfb-above-header-display":"","ast-hfb-below-header-display":"","ast-hfb-mobile-header-display":"","site-post-title":"","ast-breadcrumbs-content":"","ast-featured-img":"","footer-sml-layout":"","ast-disable-related-posts":"","theme-transparent-header-meta":"default","adv-header-id-meta":"","stick-header-meta":"","header-above-stick-meta":"","header-main-stick-meta":"","header-below-stick-meta":"","astra-migrate-meta-layouts":"set","ast-page-background-enabled":"default","ast-page-background-meta":{"desktop":{"background-color":"","background-image":"","background-repeat":"repeat","background-position":"center center","background-size":"auto","background-attachment":"scroll","background-type":"","background-media":"","overlay-type":"","overlay-color":"","overlay-opacity":"","overlay-gradient":""},"tablet":{"background-color":"","background-image":"","background-repeat":"repeat","background-position":"center center","background-size":"auto","background-attachment":"scroll","background-type":"","background-media":"","overlay-type":"","overlay-color":"","overlay-opacity":"","overlay-gradient":""},"mobile":{"background-color":"","background-image":"","background-repeat":"repeat","background-position":"center center","background-size":"auto","background-attachment":"scroll","background-type":"","background-media":"","overlay-type":"","overlay-color":"","overlay-opacity":"","overlay-gradient":""}},"ast-content-background-meta":{"desktop":{"background-color":"var(--ast-global-color-5)","background-image":"","background-repeat":"repeat","background-position":"center center","background-size":"auto","background-attachment":"scroll","background-type":"","background-media":"","overlay-type":"","overlay-color":"","overlay-opacity":"","overlay-gradient":""},"tablet":{"background-color":"var(--ast-global-color-5)","background-image":"","background-repeat":"repeat","background-position":"center center","background-size":"auto","background-attachment":"scroll","background-type":"","background-media":"","overlay-type":"","overlay-color":"","overlay-opacity":"","overlay-gradient":""},"mobile":{"background-color":"var(--ast-global-color-5)","background-image":"","background-repeat":"repeat","background-position":"center center","background-size":"auto","background-attachment":"scroll","background-type":"","background-media":"","overlay-type":"","overlay-color":"","overlay-opacity":"","overlay-gradient":""}}},"product_brand":[],"product_cat":[137],"product_tag":[],"class_list":{"0":"post-6875","1":"product","2":"type-product","3":"status-publish","4":"has-post-thumbnail","6":"product_cat-impermeabilizantes","7":"desktop-align-center","8":"tablet-align-left","9":"mobile-align-left","11":"first","12":"instock","13":"shipping-taxable","14":"product-type-simple"},"_links":{"self":[{"href":"https:\/\/construfortmoeda.com.br\/index.php?rest_route=\/wp\/v2\/product\/6875","targetHints":{"allow":["GET"]}}],"collection":[{"href":"https:\/\/construfortmoeda.com.br\/index.php?rest_route=\/wp\/v2\/product"}],"about":[{"href":"https:\/\/construfortmoeda.com.br\/index.php?rest_route=\/wp\/v2\/types\/product"}],"wp:featuredmedia":[{"embeddable":true,"href":"https:\/\/construfortmoeda.com.br\/index.php?rest_route=\/wp\/v2\/media\/6879"}],"wp:attachment":[{"href":"https:\/\/construfortmoeda.com.br\/index.php?rest_route=%2Fwp%2Fv2%2Fmedia&parent=6875"}],"wp:term":[{"taxonomy":"product_brand","embeddable":true,"href":"https:\/\/construfortmoeda.com.br\/index.php?rest_route=%2Fwp%2Fv2%2Fproduct_brand&post=6875"},{"taxonomy":"product_cat","embeddable":true,"href":"https:\/\/construfortmoeda.com.br\/index.php?rest_route=%2Fwp%2Fv2%2Fproduct_cat&post=6875"},{"taxonomy":"product_tag","embeddable":true,"href":"https:\/\/construfortmoeda.com.br\/index.php?rest_route=%2Fwp%2Fv2%2Fproduct_tag&post=6875"}],"curies":[{"name":"wp","href":"https:\/\/api.w.org\/{rel}","templated":true}]}}