{"id":6808,"date":"2026-01-07T18:43:22","date_gmt":"2026-01-07T18:43:22","guid":{"rendered":"https:\/\/construfortmoeda.com.br\/?post_type=product&#038;p=6808"},"modified":"2026-01-08T10:23:25","modified_gmt":"2026-01-08T10:23:25","slug":"chuveiro-futura-multitemperaturas-lorenzetti","status":"publish","type":"product","link":"https:\/\/construfortmoeda.com.br\/?product=chuveiro-futura-multitemperaturas-lorenzetti","title":{"rendered":"CHUVEIRO FUTURA MULTITEMPERATURAS LORENZETTI"},"content":{"rendered":"<p>As duchas\u00a0<strong>Futura<\/strong>\u00a0possuem design moderno e oferecem uma experi\u00eancia \u00fanica de relaxamento durante o banho, al\u00e9m de dispensar o cano para instala\u00e7\u00e3o, deixando o ambiente mais harmonioso. A Ducha Futura Multitemperaturas conta com quatro op\u00e7\u00f5es de temperaturas, garantindo economia em todas as esta\u00e7\u00f5es do ano.<\/p>\n<p><strong>Design Moderno<\/strong><br \/>\nDucha de Parede (sem a necessidade de cano para instala\u00e7\u00e3o) com design inovador, seguindo a tend\u00eancia de linhas quadradas.<\/p>\n<p><strong>Comando Multitemperaturas<\/strong><br \/>\nMais conforto e economia.<\/p>\n<p><strong>Compat\u00edvel com dispositivo de prote\u00e7\u00e3o DR*<\/strong><br \/>\n*Dispositivo Diferencial Residual.<\/p>\n<p>Compat\u00edvel com aquecimento solar e outros sistemas de aquecimento.<\/p>\n<p>Lorenzetti<br \/>\n127V 5500W<br \/>\n220V 7500W<\/p>\n<p><strong>Refer\u00earencia<\/p>\n<p><\/strong>127V 5500W: 5923<br \/>\n220V 7500W: 5924<\/p>\n","protected":false},"excerpt":{"rendered":"<p>As duchas\u00a0Futura\u00a0possuem design moderno e oferecem uma experi\u00eancia \u00fanica de relaxamento durante o banho, al\u00e9m de dispensar o cano para instala\u00e7\u00e3o, deixando o ambiente mais harmonioso. A Ducha Futura Multitemperaturas conta com quatro op\u00e7\u00f5es de temperaturas, garantindo economia em todas as esta\u00e7\u00f5es do ano. Design Moderno Ducha de Parede (sem a necessidade de cano para [&hellip;]<\/p>\n","protected":false},"featured_media":6810,"template":"","meta":{"site-sidebar-layout":"default","site-content-layout":"","ast-site-content-layout":"default","site-content-style":"default","site-sidebar-style":"default","ast-global-header-display":"","ast-banner-title-visibility":"","ast-main-header-display":"","ast-hfb-above-header-display":"","ast-hfb-below-header-display":"","ast-hfb-mobile-header-display":"","site-post-title":"","ast-breadcrumbs-content":"","ast-featured-img":"","footer-sml-layout":"","ast-disable-related-posts":"","theme-transparent-header-meta":"default","adv-header-id-meta":"","stick-header-meta":"","header-above-stick-meta":"","header-main-stick-meta":"","header-below-stick-meta":"","astra-migrate-meta-layouts":"set","ast-page-background-enabled":"default","ast-page-background-meta":{"desktop":{"background-color":"","background-image":"","background-repeat":"repeat","background-position":"center center","background-size":"auto","background-attachment":"scroll","background-type":"","background-media":"","overlay-type":"","overlay-color":"","overlay-opacity":"","overlay-gradient":""},"tablet":{"background-color":"","background-image":"","background-repeat":"repeat","background-position":"center center","background-size":"auto","background-attachment":"scroll","background-type":"","background-media":"","overlay-type":"","overlay-color":"","overlay-opacity":"","overlay-gradient":""},"mobile":{"background-color":"","background-image":"","background-repeat":"repeat","background-position":"center center","background-size":"auto","background-attachment":"scroll","background-type":"","background-media":"","overlay-type":"","overlay-color":"","overlay-opacity":"","overlay-gradient":""}},"ast-content-background-meta":{"desktop":{"background-color":"var(--ast-global-color-5)","background-image":"","background-repeat":"repeat","background-position":"center center","background-size":"auto","background-attachment":"scroll","background-type":"","background-media":"","overlay-type":"","overlay-color":"","overlay-opacity":"","overlay-gradient":""},"tablet":{"background-color":"var(--ast-global-color-5)","background-image":"","background-repeat":"repeat","background-position":"center center","background-size":"auto","background-attachment":"scroll","background-type":"","background-media":"","overlay-type":"","overlay-color":"","overlay-opacity":"","overlay-gradient":""},"mobile":{"background-color":"var(--ast-global-color-5)","background-image":"","background-repeat":"repeat","background-position":"center center","background-size":"auto","background-attachment":"scroll","background-type":"","background-media":"","overlay-type":"","overlay-color":"","overlay-opacity":"","overlay-gradient":""}}},"product_brand":[],"product_cat":[76,77],"product_tag":[],"class_list":{"0":"post-6808","1":"product","2":"type-product","3":"status-publish","4":"has-post-thumbnail","6":"product_cat-chuveiros","7":"product_cat-hidraulica","8":"desktop-align-center","9":"tablet-align-left","10":"mobile-align-left","12":"first","13":"instock","14":"shipping-taxable","15":"product-type-simple"},"_links":{"self":[{"href":"https:\/\/construfortmoeda.com.br\/index.php?rest_route=\/wp\/v2\/product\/6808","targetHints":{"allow":["GET"]}}],"collection":[{"href":"https:\/\/construfortmoeda.com.br\/index.php?rest_route=\/wp\/v2\/product"}],"about":[{"href":"https:\/\/construfortmoeda.com.br\/index.php?rest_route=\/wp\/v2\/types\/product"}],"wp:featuredmedia":[{"embeddable":true,"href":"https:\/\/construfortmoeda.com.br\/index.php?rest_route=\/wp\/v2\/media\/6810"}],"wp:attachment":[{"href":"https:\/\/construfortmoeda.com.br\/index.php?rest_route=%2Fwp%2Fv2%2Fmedia&parent=6808"}],"wp:term":[{"taxonomy":"product_brand","embeddable":true,"href":"https:\/\/construfortmoeda.com.br\/index.php?rest_route=%2Fwp%2Fv2%2Fproduct_brand&post=6808"},{"taxonomy":"product_cat","embeddable":true,"href":"https:\/\/construfortmoeda.com.br\/index.php?rest_route=%2Fwp%2Fv2%2Fproduct_cat&post=6808"},{"taxonomy":"product_tag","embeddable":true,"href":"https:\/\/construfortmoeda.com.br\/index.php?rest_route=%2Fwp%2Fv2%2Fproduct_tag&post=6808"}],"curies":[{"name":"wp","href":"https:\/\/api.w.org\/{rel}","templated":true}]}}