{"id":6803,"date":"2026-01-07T18:33:21","date_gmt":"2026-01-07T18:33:21","guid":{"rendered":"https:\/\/construfortmoeda.com.br\/?post_type=product&#038;p=6803"},"modified":"2026-01-08T10:26:31","modified_gmt":"2026-01-08T10:26:31","slug":"chuveiro-advanced-turbo-lorenzetti","status":"publish","type":"product","link":"https:\/\/construfortmoeda.com.br\/?product=chuveiro-advanced-turbo-lorenzetti","title":{"rendered":"CHUVEIRO ADVANCED TURBO LORENZETTI"},"content":{"rendered":"<p>A Ducha Advanced Turbo Eletr\u00f4nica \u00e9 ideal para todos os dias do ano, atrav\u00e9s de seu controle eletr\u00f4nico de temperaturas permite a sele\u00e7\u00e3o gradual e precisa, simples como ajustar o volume do seu r\u00e1dio.<\/p>\n<p>O controle eletr\u00f4nico proporciona mais economia de energia em dias mais quentes, evitando que se utilize uma temperatura e quantidade de \u00e1gua maior para ter um banho confort\u00e1vel, pois n\u00e3o h\u00e1 a necessidade de aumentar o volume de \u00e1gua para ajustar a temperatura.<\/p>\n<p>Ideal para resid\u00eancias com pouca press\u00e3o de \u00e1gua, conta com uma verdadeira tecnologia de pressuriza\u00e7\u00e3o de \u00e1gua que aumenta o volume e a press\u00e3o tornando o banho mais gostoso e relaxante.<br \/>\n<strong><br \/>\nComando Eletr\u00f4nico<\/strong><br \/>\nPermite a escolha gradual da temperatura<\/p>\n<p><strong>Pressurizador embutido<\/strong><br \/>\nAumenta o volume e a press\u00e3o da \u00e1gua.<\/p>\n<p><strong>Resist\u00eancia de Troca R\u00e1pida<\/strong><br \/>\nTipo refil, de f\u00e1cil acesso<\/p>\n<p><strong>Grande Espalhador<\/strong><br \/>\nMais satisfa\u00e7\u00e3o em seu banho<\/p>\n<p><strong>Haste de comando (uso opcional)<\/strong><br \/>\nTroca de temperatura ao alcance das m\u00e3os<\/p>\n<p>Lorenzetti<br \/>\n220V 7500W<\/p>\n<p><strong>Refer\u00eancia<\/p>\n<p><\/strong>220V 7500W: 5627<\/p>\n","protected":false},"excerpt":{"rendered":"<p>A Ducha Advanced Turbo Eletr\u00f4nica \u00e9 ideal para todos os dias do ano, atrav\u00e9s de seu controle eletr\u00f4nico de temperaturas permite a sele\u00e7\u00e3o gradual e precisa, simples como ajustar o volume do seu r\u00e1dio. O controle eletr\u00f4nico proporciona mais economia de energia em dias mais quentes, evitando que se utilize uma temperatura e quantidade de [&hellip;]<\/p>\n","protected":false},"featured_media":6805,"template":"","meta":{"site-sidebar-layout":"default","site-content-layout":"","ast-site-content-layout":"default","site-content-style":"default","site-sidebar-style":"default","ast-global-header-display":"","ast-banner-title-visibility":"","ast-main-header-display":"","ast-hfb-above-header-display":"","ast-hfb-below-header-display":"","ast-hfb-mobile-header-display":"","site-post-title":"","ast-breadcrumbs-content":"","ast-featured-img":"","footer-sml-layout":"","ast-disable-related-posts":"","theme-transparent-header-meta":"default","adv-header-id-meta":"","stick-header-meta":"","header-above-stick-meta":"","header-main-stick-meta":"","header-below-stick-meta":"","astra-migrate-meta-layouts":"set","ast-page-background-enabled":"default","ast-page-background-meta":{"desktop":{"background-color":"","background-image":"","background-repeat":"repeat","background-position":"center center","background-size":"auto","background-attachment":"scroll","background-type":"","background-media":"","overlay-type":"","overlay-color":"","overlay-opacity":"","overlay-gradient":""},"tablet":{"background-color":"","background-image":"","background-repeat":"repeat","background-position":"center center","background-size":"auto","background-attachment":"scroll","background-type":"","background-media":"","overlay-type":"","overlay-color":"","overlay-opacity":"","overlay-gradient":""},"mobile":{"background-color":"","background-image":"","background-repeat":"repeat","background-position":"center center","background-size":"auto","background-attachment":"scroll","background-type":"","background-media":"","overlay-type":"","overlay-color":"","overlay-opacity":"","overlay-gradient":""}},"ast-content-background-meta":{"desktop":{"background-color":"var(--ast-global-color-5)","background-image":"","background-repeat":"repeat","background-position":"center center","background-size":"auto","background-attachment":"scroll","background-type":"","background-media":"","overlay-type":"","overlay-color":"","overlay-opacity":"","overlay-gradient":""},"tablet":{"background-color":"var(--ast-global-color-5)","background-image":"","background-repeat":"repeat","background-position":"center center","background-size":"auto","background-attachment":"scroll","background-type":"","background-media":"","overlay-type":"","overlay-color":"","overlay-opacity":"","overlay-gradient":""},"mobile":{"background-color":"var(--ast-global-color-5)","background-image":"","background-repeat":"repeat","background-position":"center center","background-size":"auto","background-attachment":"scroll","background-type":"","background-media":"","overlay-type":"","overlay-color":"","overlay-opacity":"","overlay-gradient":""}}},"product_brand":[],"product_cat":[76,77],"product_tag":[],"class_list":{"0":"post-6803","1":"product","2":"type-product","3":"status-publish","4":"has-post-thumbnail","6":"product_cat-chuveiros","7":"product_cat-hidraulica","8":"desktop-align-center","9":"tablet-align-left","10":"mobile-align-left","12":"first","13":"instock","14":"shipping-taxable","15":"product-type-simple"},"_links":{"self":[{"href":"https:\/\/construfortmoeda.com.br\/index.php?rest_route=\/wp\/v2\/product\/6803","targetHints":{"allow":["GET"]}}],"collection":[{"href":"https:\/\/construfortmoeda.com.br\/index.php?rest_route=\/wp\/v2\/product"}],"about":[{"href":"https:\/\/construfortmoeda.com.br\/index.php?rest_route=\/wp\/v2\/types\/product"}],"wp:featuredmedia":[{"embeddable":true,"href":"https:\/\/construfortmoeda.com.br\/index.php?rest_route=\/wp\/v2\/media\/6805"}],"wp:attachment":[{"href":"https:\/\/construfortmoeda.com.br\/index.php?rest_route=%2Fwp%2Fv2%2Fmedia&parent=6803"}],"wp:term":[{"taxonomy":"product_brand","embeddable":true,"href":"https:\/\/construfortmoeda.com.br\/index.php?rest_route=%2Fwp%2Fv2%2Fproduct_brand&post=6803"},{"taxonomy":"product_cat","embeddable":true,"href":"https:\/\/construfortmoeda.com.br\/index.php?rest_route=%2Fwp%2Fv2%2Fproduct_cat&post=6803"},{"taxonomy":"product_tag","embeddable":true,"href":"https:\/\/construfortmoeda.com.br\/index.php?rest_route=%2Fwp%2Fv2%2Fproduct_tag&post=6803"}],"curies":[{"name":"wp","href":"https:\/\/api.w.org\/{rel}","templated":true}]}}