{"id":6792,"date":"2026-01-07T17:49:38","date_gmt":"2026-01-07T17:49:38","guid":{"rendered":"https:\/\/construfortmoeda.com.br\/?post_type=product&#038;p=6792"},"modified":"2026-01-08T10:30:40","modified_gmt":"2026-01-08T10:30:40","slug":"aquecedor-versatil-lorenzetti","status":"publish","type":"product","link":"https:\/\/construfortmoeda.com.br\/?product=aquecedor-versatil-lorenzetti","title":{"rendered":"AQUECEDOR VERSATIL LORENZETTI"},"content":{"rendered":"<p>O Aquecedor Vers\u00e1til \u00e9 a melhor solu\u00e7\u00e3o\u00a0de aquecimento de \u00e1gua para a pia da cozinha ou lavat\u00f3rio.<\/p>\n<div><strong>3 Temperaturas<\/strong><\/div>\n<div>\n<p>Aquecimento e economia na medida certa.<\/p>\n<p><strong>\u00c1gua Quente Instantaneamente<\/strong><\/p>\n<\/div>\n<div>\n<p>Sem desperd\u00edcio de \u00e1gua e energia.<\/p>\n<p><strong>Vers\u00e1til<\/strong><\/p>\n<\/div>\n<div>Para pias, bid\u00eas e lavat\u00f3rios.<\/div>\n<div>\n<p>Permite a utiliza\u00e7\u00e3o direta com torneiras, misturadores e monocomandos.<\/p>\n<p><strong>Troca R\u00e1pida da Resist\u00eancia\u00a0<\/strong><\/p>\n<\/div>\n<div>\n<p>Tipo refil, de f\u00e1cil acesso.<\/p>\n<p>127V 4800W<br \/>\n220V 5500W<br \/>\n<strong><br \/>\nRefer\u00eancia<\/p>\n<p><\/strong>127V 4800W: 5928<br \/>\n220V 5500W: 5929<\/p>\n<\/div>\n","protected":false},"excerpt":{"rendered":"<p>O Aquecedor Vers\u00e1til \u00e9 a melhor solu\u00e7\u00e3o\u00a0de aquecimento de \u00e1gua para a pia da cozinha ou lavat\u00f3rio. 3 Temperaturas Aquecimento e economia na medida certa. \u00c1gua Quente Instantaneamente Sem desperd\u00edcio de \u00e1gua e energia. Vers\u00e1til Para pias, bid\u00eas e lavat\u00f3rios. Permite a utiliza\u00e7\u00e3o direta com torneiras, misturadores e monocomandos. Troca R\u00e1pida da Resist\u00eancia\u00a0 Tipo refil, [&hellip;]<\/p>\n","protected":false},"featured_media":6796,"template":"","meta":{"site-sidebar-layout":"default","site-content-layout":"","ast-site-content-layout":"default","site-content-style":"default","site-sidebar-style":"default","ast-global-header-display":"","ast-banner-title-visibility":"","ast-main-header-display":"","ast-hfb-above-header-display":"","ast-hfb-below-header-display":"","ast-hfb-mobile-header-display":"","site-post-title":"","ast-breadcrumbs-content":"","ast-featured-img":"","footer-sml-layout":"","ast-disable-related-posts":"","theme-transparent-header-meta":"default","adv-header-id-meta":"","stick-header-meta":"","header-above-stick-meta":"","header-main-stick-meta":"","header-below-stick-meta":"","astra-migrate-meta-layouts":"set","ast-page-background-enabled":"default","ast-page-background-meta":{"desktop":{"background-color":"","background-image":"","background-repeat":"repeat","background-position":"center center","background-size":"auto","background-attachment":"scroll","background-type":"","background-media":"","overlay-type":"","overlay-color":"","overlay-opacity":"","overlay-gradient":""},"tablet":{"background-color":"","background-image":"","background-repeat":"repeat","background-position":"center center","background-size":"auto","background-attachment":"scroll","background-type":"","background-media":"","overlay-type":"","overlay-color":"","overlay-opacity":"","overlay-gradient":""},"mobile":{"background-color":"","background-image":"","background-repeat":"repeat","background-position":"center center","background-size":"auto","background-attachment":"scroll","background-type":"","background-media":"","overlay-type":"","overlay-color":"","overlay-opacity":"","overlay-gradient":""}},"ast-content-background-meta":{"desktop":{"background-color":"var(--ast-global-color-5)","background-image":"","background-repeat":"repeat","background-position":"center center","background-size":"auto","background-attachment":"scroll","background-type":"","background-media":"","overlay-type":"","overlay-color":"","overlay-opacity":"","overlay-gradient":""},"tablet":{"background-color":"var(--ast-global-color-5)","background-image":"","background-repeat":"repeat","background-position":"center center","background-size":"auto","background-attachment":"scroll","background-type":"","background-media":"","overlay-type":"","overlay-color":"","overlay-opacity":"","overlay-gradient":""},"mobile":{"background-color":"var(--ast-global-color-5)","background-image":"","background-repeat":"repeat","background-position":"center center","background-size":"auto","background-attachment":"scroll","background-type":"","background-media":"","overlay-type":"","overlay-color":"","overlay-opacity":"","overlay-gradient":""}}},"product_brand":[],"product_cat":[75,77],"product_tag":[],"class_list":{"0":"post-6792","1":"product","2":"type-product","3":"status-publish","4":"has-post-thumbnail","6":"product_cat-banheiro","7":"product_cat-hidraulica","8":"desktop-align-center","9":"tablet-align-left","10":"mobile-align-left","12":"first","13":"instock","14":"shipping-taxable","15":"product-type-simple"},"_links":{"self":[{"href":"https:\/\/construfortmoeda.com.br\/index.php?rest_route=\/wp\/v2\/product\/6792","targetHints":{"allow":["GET"]}}],"collection":[{"href":"https:\/\/construfortmoeda.com.br\/index.php?rest_route=\/wp\/v2\/product"}],"about":[{"href":"https:\/\/construfortmoeda.com.br\/index.php?rest_route=\/wp\/v2\/types\/product"}],"wp:featuredmedia":[{"embeddable":true,"href":"https:\/\/construfortmoeda.com.br\/index.php?rest_route=\/wp\/v2\/media\/6796"}],"wp:attachment":[{"href":"https:\/\/construfortmoeda.com.br\/index.php?rest_route=%2Fwp%2Fv2%2Fmedia&parent=6792"}],"wp:term":[{"taxonomy":"product_brand","embeddable":true,"href":"https:\/\/construfortmoeda.com.br\/index.php?rest_route=%2Fwp%2Fv2%2Fproduct_brand&post=6792"},{"taxonomy":"product_cat","embeddable":true,"href":"https:\/\/construfortmoeda.com.br\/index.php?rest_route=%2Fwp%2Fv2%2Fproduct_cat&post=6792"},{"taxonomy":"product_tag","embeddable":true,"href":"https:\/\/construfortmoeda.com.br\/index.php?rest_route=%2Fwp%2Fv2%2Fproduct_tag&post=6792"}],"curies":[{"name":"wp","href":"https:\/\/api.w.org\/{rel}","templated":true}]}}