{"id":6725,"date":"2025-11-25T15:50:10","date_gmt":"2025-11-25T15:50:10","guid":{"rendered":"https:\/\/construfortmoeda.com.br\/?post_type=product&#038;p=6725"},"modified":"2025-11-25T15:50:10","modified_gmt":"2025-11-25T15:50:10","slug":"revestimento-branco-31x55-cristalle","status":"publish","type":"product","link":"https:\/\/construfortmoeda.com.br\/?product=revestimento-branco-31x55-cristalle","title":{"rendered":"REVESTIMENTO BRANCO 31X55 CRISTALLE"},"content":{"rendered":"<p>REVESTIMENTO BRANCO RETIFICADO REFER\u00caNCIA 3101- MEDIDAS 31X55CM\u00a0 2,08 M2\/CAIXA CRISTALLE<\/p>\n<p>O revestimento R3101 CLASSIC BIANCO LUXOR da Realce Cer\u00e2mica \u00e9 produzido com os processos mais inovadores do mercado e possui RESIST\u00caNCIA \u00c0 MANCHA D&#8217;\u00c1GUA. \u00c9 indicado para revestimento de paredes. Devido \u00e0 alta qualidade de esmaltes aplicados a pe\u00e7a, este revestimento \u00e9 resistente \u00e0 mancha d\u2019\u00e1gua. Este produto \u00e9 retificado e pode ser aplicado com junta de 3mm.<\/p>\n","protected":false},"excerpt":{"rendered":"<p>REVESTIMENTO BRANCO RETIFICADO REFER\u00caNCIA 3101- MEDIDAS 31X55CM\u00a0 2,08 M2\/CAIXA CRISTALLE O revestimento R3101 CLASSIC BIANCO LUXOR da Realce Cer\u00e2mica \u00e9 produzido com os processos mais inovadores do mercado e possui RESIST\u00caNCIA \u00c0 MANCHA D&#8217;\u00c1GUA. \u00c9 indicado para revestimento de paredes. Devido \u00e0 alta qualidade de esmaltes aplicados a pe\u00e7a, este revestimento \u00e9 resistente \u00e0 mancha [&hellip;]<\/p>\n","protected":false},"featured_media":6727,"template":"","meta":{"site-sidebar-layout":"default","site-content-layout":"","ast-site-content-layout":"default","site-content-style":"default","site-sidebar-style":"default","ast-global-header-display":"","ast-banner-title-visibility":"","ast-main-header-display":"","ast-hfb-above-header-display":"","ast-hfb-below-header-display":"","ast-hfb-mobile-header-display":"","site-post-title":"","ast-breadcrumbs-content":"","ast-featured-img":"","footer-sml-layout":"","ast-disable-related-posts":"","theme-transparent-header-meta":"default","adv-header-id-meta":"","stick-header-meta":"","header-above-stick-meta":"","header-main-stick-meta":"","header-below-stick-meta":"","astra-migrate-meta-layouts":"set","ast-page-background-enabled":"default","ast-page-background-meta":{"desktop":{"background-color":"","background-image":"","background-repeat":"repeat","background-position":"center center","background-size":"auto","background-attachment":"scroll","background-type":"","background-media":"","overlay-type":"","overlay-color":"","overlay-opacity":"","overlay-gradient":""},"tablet":{"background-color":"","background-image":"","background-repeat":"repeat","background-position":"center center","background-size":"auto","background-attachment":"scroll","background-type":"","background-media":"","overlay-type":"","overlay-color":"","overlay-opacity":"","overlay-gradient":""},"mobile":{"background-color":"","background-image":"","background-repeat":"repeat","background-position":"center center","background-size":"auto","background-attachment":"scroll","background-type":"","background-media":"","overlay-type":"","overlay-color":"","overlay-opacity":"","overlay-gradient":""}},"ast-content-background-meta":{"desktop":{"background-color":"var(--ast-global-color-5)","background-image":"","background-repeat":"repeat","background-position":"center center","background-size":"auto","background-attachment":"scroll","background-type":"","background-media":"","overlay-type":"","overlay-color":"","overlay-opacity":"","overlay-gradient":""},"tablet":{"background-color":"var(--ast-global-color-5)","background-image":"","background-repeat":"repeat","background-position":"center center","background-size":"auto","background-attachment":"scroll","background-type":"","background-media":"","overlay-type":"","overlay-color":"","overlay-opacity":"","overlay-gradient":""},"mobile":{"background-color":"var(--ast-global-color-5)","background-image":"","background-repeat":"repeat","background-position":"center center","background-size":"auto","background-attachment":"scroll","background-type":"","background-media":"","overlay-type":"","overlay-color":"","overlay-opacity":"","overlay-gradient":""}}},"product_brand":[],"product_cat":[82],"product_tag":[134,133],"class_list":{"0":"post-6725","1":"product","2":"type-product","3":"status-publish","4":"has-post-thumbnail","6":"product_cat-revestimento-ceramico","7":"product_tag-ceramica-parede","8":"product_tag-revestimento-parede","9":"desktop-align-center","10":"tablet-align-left","11":"mobile-align-left","13":"first","14":"instock","15":"shipping-taxable","16":"product-type-simple"},"_links":{"self":[{"href":"https:\/\/construfortmoeda.com.br\/index.php?rest_route=\/wp\/v2\/product\/6725","targetHints":{"allow":["GET"]}}],"collection":[{"href":"https:\/\/construfortmoeda.com.br\/index.php?rest_route=\/wp\/v2\/product"}],"about":[{"href":"https:\/\/construfortmoeda.com.br\/index.php?rest_route=\/wp\/v2\/types\/product"}],"wp:featuredmedia":[{"embeddable":true,"href":"https:\/\/construfortmoeda.com.br\/index.php?rest_route=\/wp\/v2\/media\/6727"}],"wp:attachment":[{"href":"https:\/\/construfortmoeda.com.br\/index.php?rest_route=%2Fwp%2Fv2%2Fmedia&parent=6725"}],"wp:term":[{"taxonomy":"product_brand","embeddable":true,"href":"https:\/\/construfortmoeda.com.br\/index.php?rest_route=%2Fwp%2Fv2%2Fproduct_brand&post=6725"},{"taxonomy":"product_cat","embeddable":true,"href":"https:\/\/construfortmoeda.com.br\/index.php?rest_route=%2Fwp%2Fv2%2Fproduct_cat&post=6725"},{"taxonomy":"product_tag","embeddable":true,"href":"https:\/\/construfortmoeda.com.br\/index.php?rest_route=%2Fwp%2Fv2%2Fproduct_tag&post=6725"}],"curies":[{"name":"wp","href":"https:\/\/api.w.org\/{rel}","templated":true}]}}