{"id":6378,"date":"2025-11-21T15:14:37","date_gmt":"2025-11-21T15:14:37","guid":{"rendered":"https:\/\/construfortmoeda.com.br\/?post_type=product&#038;p=6378"},"modified":"2026-01-23T16:14:08","modified_gmt":"2026-01-23T16:14:08","slug":"cabo-flex-paralelo-2x250mm-mt","status":"publish","type":"product","link":"https:\/\/construfortmoeda.com.br\/?product=cabo-flex-paralelo-2x250mm-mt","title":{"rendered":"CABO PARALELO 2,50MM BRANCO\/MARROM MEGATRON"},"content":{"rendered":"<p>O\u00a0<strong class=\"Yjhzub\" data-complete=\"true\" data-processed=\"true\">fio paralelo 2,5mm MEGATRON<\/strong>\u00a0\u00e9 vers\u00e1til e confi\u00e1vel para diversas aplica\u00e7\u00f5es el\u00e9tricas de baixa tens\u00e3o.<br \/>\n<strong><br \/>\n<\/strong><strong>Cores dispon\u00edveis: <\/strong>Branco e Marrom<\/p>\n<p><strong>Material do condutor:\u00a0<\/strong>Cobre<\/p>\n<p><strong>Marca:\u00a0<\/strong>Megatron<\/p>\n<p><strong>Formato de venda:\u00a0<\/strong>Metro<\/p>\n<p><strong>Refer\u00eancia<br \/>\n<\/strong>Branco: 5065<br \/>\nMarrom: 1471<\/p>\n","protected":false},"excerpt":{"rendered":"<p>O\u00a0fio paralelo 2,5mm MEGATRON\u00a0\u00e9 vers\u00e1til e confi\u00e1vel para diversas aplica\u00e7\u00f5es el\u00e9tricas de baixa tens\u00e3o. Cores dispon\u00edveis: Branco e Marrom Material do condutor:\u00a0Cobre Marca:\u00a0Megatron Formato de venda:\u00a0Metro Refer\u00eancia Branco: 5065 Marrom: 1471<\/p>\n","protected":false},"featured_media":6831,"template":"","meta":{"site-sidebar-layout":"default","site-content-layout":"","ast-site-content-layout":"default","site-content-style":"default","site-sidebar-style":"default","ast-global-header-display":"","ast-banner-title-visibility":"","ast-main-header-display":"","ast-hfb-above-header-display":"","ast-hfb-below-header-display":"","ast-hfb-mobile-header-display":"","site-post-title":"","ast-breadcrumbs-content":"","ast-featured-img":"","footer-sml-layout":"","ast-disable-related-posts":"","theme-transparent-header-meta":"default","adv-header-id-meta":"","stick-header-meta":"","header-above-stick-meta":"","header-main-stick-meta":"","header-below-stick-meta":"","astra-migrate-meta-layouts":"set","ast-page-background-enabled":"default","ast-page-background-meta":{"desktop":{"background-color":"","background-image":"","background-repeat":"repeat","background-position":"center center","background-size":"auto","background-attachment":"scroll","background-type":"","background-media":"","overlay-type":"","overlay-color":"","overlay-opacity":"","overlay-gradient":""},"tablet":{"background-color":"","background-image":"","background-repeat":"repeat","background-position":"center center","background-size":"auto","background-attachment":"scroll","background-type":"","background-media":"","overlay-type":"","overlay-color":"","overlay-opacity":"","overlay-gradient":""},"mobile":{"background-color":"","background-image":"","background-repeat":"repeat","background-position":"center center","background-size":"auto","background-attachment":"scroll","background-type":"","background-media":"","overlay-type":"","overlay-color":"","overlay-opacity":"","overlay-gradient":""}},"ast-content-background-meta":{"desktop":{"background-color":"var(--ast-global-color-5)","background-image":"","background-repeat":"repeat","background-position":"center center","background-size":"auto","background-attachment":"scroll","background-type":"","background-media":"","overlay-type":"","overlay-color":"","overlay-opacity":"","overlay-gradient":""},"tablet":{"background-color":"var(--ast-global-color-5)","background-image":"","background-repeat":"repeat","background-position":"center center","background-size":"auto","background-attachment":"scroll","background-type":"","background-media":"","overlay-type":"","overlay-color":"","overlay-opacity":"","overlay-gradient":""},"mobile":{"background-color":"var(--ast-global-color-5)","background-image":"","background-repeat":"repeat","background-position":"center center","background-size":"auto","background-attachment":"scroll","background-type":"","background-media":"","overlay-type":"","overlay-color":"","overlay-opacity":"","overlay-gradient":""}}},"product_brand":[],"product_cat":[78],"product_tag":[69],"class_list":{"0":"post-6378","1":"product","2":"type-product","3":"status-publish","4":"has-post-thumbnail","6":"product_cat-eletrica","7":"product_tag-branco-ou-marrom","8":"desktop-align-center","9":"tablet-align-left","10":"mobile-align-left","12":"first","13":"instock","14":"shipping-taxable","15":"product-type-simple"},"_links":{"self":[{"href":"https:\/\/construfortmoeda.com.br\/index.php?rest_route=\/wp\/v2\/product\/6378","targetHints":{"allow":["GET"]}}],"collection":[{"href":"https:\/\/construfortmoeda.com.br\/index.php?rest_route=\/wp\/v2\/product"}],"about":[{"href":"https:\/\/construfortmoeda.com.br\/index.php?rest_route=\/wp\/v2\/types\/product"}],"wp:featuredmedia":[{"embeddable":true,"href":"https:\/\/construfortmoeda.com.br\/index.php?rest_route=\/wp\/v2\/media\/6831"}],"wp:attachment":[{"href":"https:\/\/construfortmoeda.com.br\/index.php?rest_route=%2Fwp%2Fv2%2Fmedia&parent=6378"}],"wp:term":[{"taxonomy":"product_brand","embeddable":true,"href":"https:\/\/construfortmoeda.com.br\/index.php?rest_route=%2Fwp%2Fv2%2Fproduct_brand&post=6378"},{"taxonomy":"product_cat","embeddable":true,"href":"https:\/\/construfortmoeda.com.br\/index.php?rest_route=%2Fwp%2Fv2%2Fproduct_cat&post=6378"},{"taxonomy":"product_tag","embeddable":true,"href":"https:\/\/construfortmoeda.com.br\/index.php?rest_route=%2Fwp%2Fv2%2Fproduct_tag&post=6378"}],"curies":[{"name":"wp","href":"https:\/\/api.w.org\/{rel}","templated":true}]}}