{"id":6359,"date":"2025-11-21T15:14:15","date_gmt":"2025-11-21T15:14:15","guid":{"rendered":"https:\/\/construfortmoeda.com.br\/?post_type=product&#038;p=6359"},"modified":"2026-01-23T16:19:16","modified_gmt":"2026-01-23T16:19:16","slug":"cabo-flex-pp-2x150mm-mt","status":"publish","type":"product","link":"https:\/\/construfortmoeda.com.br\/?product=cabo-flex-pp-2x150mm-mt","title":{"rendered":"CABO PP 2 VIAS X 1,50MM PRETO MEGATRON"},"content":{"rendered":"<p><strong>CABO PP 2 vias X 1,50MM MEGATRON <\/strong>\u00e9 indicado para Extens\u00f5es el\u00e9tricas, Liga\u00e7\u00f5es de aparelhos eletrodom\u00e9sticos e Liga\u00e7\u00f5es de ferramentas motorizadas<\/p>\n<p>Bitola: 2&#215;1,50mm<\/p>\n<p><strong>Cor:\u00a0<\/strong>preto<\/p>\n<p><strong>Material do condutor:\u00a0<\/strong>Cobre<\/p>\n<p><strong>Marca:<\/strong> Megatron<\/p>\n<p><strong>Formato de venda:\u00a0<\/strong>Metro<\/p>\n<p><strong>Refer\u00eancia: <\/strong>5795<\/p>\n<p>&nbsp;<\/p>\n","protected":false},"excerpt":{"rendered":"<p>CABO PP 2 vias X 1,50MM MEGATRON \u00e9 indicado para Extens\u00f5es el\u00e9tricas, Liga\u00e7\u00f5es de aparelhos eletrodom\u00e9sticos e Liga\u00e7\u00f5es de ferramentas motorizadas Bitola: 2&#215;1,50mm Cor:\u00a0preto Material do condutor:\u00a0Cobre Marca: Megatron Formato de venda:\u00a0Metro Refer\u00eancia: 5795 &nbsp;<\/p>\n","protected":false},"featured_media":6840,"template":"","meta":{"site-sidebar-layout":"default","site-content-layout":"","ast-site-content-layout":"default","site-content-style":"default","site-sidebar-style":"default","ast-global-header-display":"","ast-banner-title-visibility":"","ast-main-header-display":"","ast-hfb-above-header-display":"","ast-hfb-below-header-display":"","ast-hfb-mobile-header-display":"","site-post-title":"","ast-breadcrumbs-content":"","ast-featured-img":"","footer-sml-layout":"","ast-disable-related-posts":"","theme-transparent-header-meta":"default","adv-header-id-meta":"","stick-header-meta":"","header-above-stick-meta":"","header-main-stick-meta":"","header-below-stick-meta":"","astra-migrate-meta-layouts":"set","ast-page-background-enabled":"default","ast-page-background-meta":{"desktop":{"background-color":"","background-image":"","background-repeat":"repeat","background-position":"center center","background-size":"auto","background-attachment":"scroll","background-type":"","background-media":"","overlay-type":"","overlay-color":"","overlay-opacity":"","overlay-gradient":""},"tablet":{"background-color":"","background-image":"","background-repeat":"repeat","background-position":"center center","background-size":"auto","background-attachment":"scroll","background-type":"","background-media":"","overlay-type":"","overlay-color":"","overlay-opacity":"","overlay-gradient":""},"mobile":{"background-color":"","background-image":"","background-repeat":"repeat","background-position":"center center","background-size":"auto","background-attachment":"scroll","background-type":"","background-media":"","overlay-type":"","overlay-color":"","overlay-opacity":"","overlay-gradient":""}},"ast-content-background-meta":{"desktop":{"background-color":"var(--ast-global-color-5)","background-image":"","background-repeat":"repeat","background-position":"center center","background-size":"auto","background-attachment":"scroll","background-type":"","background-media":"","overlay-type":"","overlay-color":"","overlay-opacity":"","overlay-gradient":""},"tablet":{"background-color":"var(--ast-global-color-5)","background-image":"","background-repeat":"repeat","background-position":"center center","background-size":"auto","background-attachment":"scroll","background-type":"","background-media":"","overlay-type":"","overlay-color":"","overlay-opacity":"","overlay-gradient":""},"mobile":{"background-color":"var(--ast-global-color-5)","background-image":"","background-repeat":"repeat","background-position":"center center","background-size":"auto","background-attachment":"scroll","background-type":"","background-media":"","overlay-type":"","overlay-color":"","overlay-opacity":"","overlay-gradient":""}}},"product_brand":[],"product_cat":[78],"product_tag":[],"class_list":{"0":"post-6359","1":"product","2":"type-product","3":"status-publish","4":"has-post-thumbnail","6":"product_cat-eletrica","7":"desktop-align-center","8":"tablet-align-left","9":"mobile-align-left","11":"first","12":"instock","13":"shipping-taxable","14":"product-type-simple"},"_links":{"self":[{"href":"https:\/\/construfortmoeda.com.br\/index.php?rest_route=\/wp\/v2\/product\/6359","targetHints":{"allow":["GET"]}}],"collection":[{"href":"https:\/\/construfortmoeda.com.br\/index.php?rest_route=\/wp\/v2\/product"}],"about":[{"href":"https:\/\/construfortmoeda.com.br\/index.php?rest_route=\/wp\/v2\/types\/product"}],"wp:featuredmedia":[{"embeddable":true,"href":"https:\/\/construfortmoeda.com.br\/index.php?rest_route=\/wp\/v2\/media\/6840"}],"wp:attachment":[{"href":"https:\/\/construfortmoeda.com.br\/index.php?rest_route=%2Fwp%2Fv2%2Fmedia&parent=6359"}],"wp:term":[{"taxonomy":"product_brand","embeddable":true,"href":"https:\/\/construfortmoeda.com.br\/index.php?rest_route=%2Fwp%2Fv2%2Fproduct_brand&post=6359"},{"taxonomy":"product_cat","embeddable":true,"href":"https:\/\/construfortmoeda.com.br\/index.php?rest_route=%2Fwp%2Fv2%2Fproduct_cat&post=6359"},{"taxonomy":"product_tag","embeddable":true,"href":"https:\/\/construfortmoeda.com.br\/index.php?rest_route=%2Fwp%2Fv2%2Fproduct_tag&post=6359"}],"curies":[{"name":"wp","href":"https:\/\/api.w.org\/{rel}","templated":true}]}}