{"id":6357,"date":"2025-11-21T15:14:15","date_gmt":"2025-11-21T15:14:15","guid":{"rendered":"https:\/\/construfortmoeda.com.br\/?post_type=product&#038;p=6357"},"modified":"2026-01-23T16:10:13","modified_gmt":"2026-01-23T16:10:13","slug":"cabo-fio-duplex-2x1x16mm-mt","status":"publish","type":"product","link":"https:\/\/construfortmoeda.com.br\/?product=cabo-fio-duplex-2x1x16mm-mt","title":{"rendered":"CABO TRIPLEX 16MM"},"content":{"rendered":"<p>O<strong> cabo triplex 16mm\u00a0<\/strong><mark class=\"HxTRcb\" data-processed=\"true\">serve para\u00a0distribui\u00e7\u00e3o de energia el\u00e9trica em redes a\u00e9reas de baixa tens\u00e3o, conectando a rede p\u00fablica aos im\u00f3veis (entradas de servi\u00e7o) ou interligando postes, <\/mark>ideal para sistemas bif\u00e1sico<strong>s<\/strong><\/p>\n<p><strong class=\"Yjhzub\" data-processed=\"true\">Composi\u00e7\u00e3o: <\/strong>Tr\u00eas condutores (dois fases e um neutro)<\/p>\n<p><strong class=\"Yjhzub\" data-processed=\"true\">Material:<\/strong>\u00a0Alum\u00ednio (leve e mais econ\u00f4mico que o cobre)<\/p>\n<p><strong>Norma aplicavel: <\/strong>NBR 8182-2011<br \/>\n<strong><br \/>\n<\/strong><strong>Refer\u00eancia: <\/strong>5041<\/p>\n","protected":false},"excerpt":{"rendered":"<p>O cabo triplex 16mm\u00a0serve para\u00a0distribui\u00e7\u00e3o de energia el\u00e9trica em redes a\u00e9reas de baixa tens\u00e3o, conectando a rede p\u00fablica aos im\u00f3veis (entradas de servi\u00e7o) ou interligando postes, ideal para sistemas bif\u00e1sicos Composi\u00e7\u00e3o: Tr\u00eas condutores (dois fases e um neutro) Material:\u00a0Alum\u00ednio (leve e mais econ\u00f4mico que o cobre) Norma aplicavel: NBR 8182-2011 Refer\u00eancia: 5041<\/p>\n","protected":false},"featured_media":6407,"template":"","meta":{"site-sidebar-layout":"default","site-content-layout":"","ast-site-content-layout":"default","site-content-style":"default","site-sidebar-style":"default","ast-global-header-display":"","ast-banner-title-visibility":"","ast-main-header-display":"","ast-hfb-above-header-display":"","ast-hfb-below-header-display":"","ast-hfb-mobile-header-display":"","site-post-title":"","ast-breadcrumbs-content":"","ast-featured-img":"","footer-sml-layout":"","ast-disable-related-posts":"","theme-transparent-header-meta":"default","adv-header-id-meta":"","stick-header-meta":"","header-above-stick-meta":"","header-main-stick-meta":"","header-below-stick-meta":"","astra-migrate-meta-layouts":"set","ast-page-background-enabled":"default","ast-page-background-meta":{"desktop":{"background-color":"","background-image":"","background-repeat":"repeat","background-position":"center center","background-size":"auto","background-attachment":"scroll","background-type":"","background-media":"","overlay-type":"","overlay-color":"","overlay-opacity":"","overlay-gradient":""},"tablet":{"background-color":"","background-image":"","background-repeat":"repeat","background-position":"center center","background-size":"auto","background-attachment":"scroll","background-type":"","background-media":"","overlay-type":"","overlay-color":"","overlay-opacity":"","overlay-gradient":""},"mobile":{"background-color":"","background-image":"","background-repeat":"repeat","background-position":"center center","background-size":"auto","background-attachment":"scroll","background-type":"","background-media":"","overlay-type":"","overlay-color":"","overlay-opacity":"","overlay-gradient":""}},"ast-content-background-meta":{"desktop":{"background-color":"var(--ast-global-color-5)","background-image":"","background-repeat":"repeat","background-position":"center center","background-size":"auto","background-attachment":"scroll","background-type":"","background-media":"","overlay-type":"","overlay-color":"","overlay-opacity":"","overlay-gradient":""},"tablet":{"background-color":"var(--ast-global-color-5)","background-image":"","background-repeat":"repeat","background-position":"center center","background-size":"auto","background-attachment":"scroll","background-type":"","background-media":"","overlay-type":"","overlay-color":"","overlay-opacity":"","overlay-gradient":""},"mobile":{"background-color":"var(--ast-global-color-5)","background-image":"","background-repeat":"repeat","background-position":"center center","background-size":"auto","background-attachment":"scroll","background-type":"","background-media":"","overlay-type":"","overlay-color":"","overlay-opacity":"","overlay-gradient":""}}},"product_brand":[],"product_cat":[78],"product_tag":[128,132,129,131,130],"class_list":{"0":"post-6357","1":"product","2":"type-product","3":"status-publish","4":"has-post-thumbnail","6":"product_cat-eletrica","7":"product_tag-cabo-duplex","8":"product_tag-cabo-para-padrao","9":"product_tag-cabo-triplex","10":"product_tag-fio-para-padrao","11":"product_tag-fio-triplex","12":"desktop-align-center","13":"tablet-align-left","14":"mobile-align-left","16":"first","17":"instock","18":"shipping-taxable","19":"product-type-simple"},"_links":{"self":[{"href":"https:\/\/construfortmoeda.com.br\/index.php?rest_route=\/wp\/v2\/product\/6357","targetHints":{"allow":["GET"]}}],"collection":[{"href":"https:\/\/construfortmoeda.com.br\/index.php?rest_route=\/wp\/v2\/product"}],"about":[{"href":"https:\/\/construfortmoeda.com.br\/index.php?rest_route=\/wp\/v2\/types\/product"}],"wp:featuredmedia":[{"embeddable":true,"href":"https:\/\/construfortmoeda.com.br\/index.php?rest_route=\/wp\/v2\/media\/6407"}],"wp:attachment":[{"href":"https:\/\/construfortmoeda.com.br\/index.php?rest_route=%2Fwp%2Fv2%2Fmedia&parent=6357"}],"wp:term":[{"taxonomy":"product_brand","embeddable":true,"href":"https:\/\/construfortmoeda.com.br\/index.php?rest_route=%2Fwp%2Fv2%2Fproduct_brand&post=6357"},{"taxonomy":"product_cat","embeddable":true,"href":"https:\/\/construfortmoeda.com.br\/index.php?rest_route=%2Fwp%2Fv2%2Fproduct_cat&post=6357"},{"taxonomy":"product_tag","embeddable":true,"href":"https:\/\/construfortmoeda.com.br\/index.php?rest_route=%2Fwp%2Fv2%2Fproduct_tag&post=6357"}],"curies":[{"name":"wp","href":"https:\/\/api.w.org\/{rel}","templated":true}]}}